{"id":7,"date":"2020-06-07T09:45:24","date_gmt":"2020-06-07T09:45:24","guid":{"rendered":"http:\/\/ambulante-hilfen-gallo.de\/?page_id=7"},"modified":"2024-08-03T07:38:33","modified_gmt":"2024-08-03T07:38:33","slug":"kontakt","status":"publish","type":"page","link":"https:\/\/ambulante-hilfen-gallo.de\/?page_id=7","title":{"rendered":"Kontakt"},"content":{"rendered":"\n<p>Adresse der Hauptniederlassung:<br>Am Weiher 1<br>67366 Weingarten (Pfalz)<\/p>\n\n\n\n<p>Adresse der Zweigstelle:<br>Fichtestr. 2<br>67454 Ha\u00dfloch<\/p>\n\n\n\n<p>Gesch\u00e4ftsf\u00fchrung:<br>Herr Florian Gallo<br>Tel: 0173 &#8211; 9394420<br>Mail:&nbsp;<a class=\"\" href=\"mailto:florian.gallo@ambulante-hilfen-gallo.de\">florian.gallo@ambulante-hilfen-gallo.de<\/a><\/p>\n\n\n\n<p>Verwaltung:<br>Fax: 06344 &#8211; 9508175<br>Mail:\u00a0<a class=\"\" href=\"mailto:verwaltung@ambulante-hilfen-gallo.de\">verwaltung@ambulante-hilfen-gallo.de<\/a><\/p>\n","protected":false},"excerpt":{"rendered":"<p>Adresse der Hauptniederlassung:Am Weiher 167366 Weingarten (Pfalz) Adresse der Zweigstelle:Fichtestr. 267454 Ha\u00dfloch Gesch\u00e4ftsf\u00fchrung:Herr Florian GalloTel: 0173 &#8211; 9394420Mail:&nbsp;florian.gallo@ambulante-hilfen-gallo.de Verwaltung:Fax: 06344 &#8211; 9508175Mail:\u00a0verwaltung@ambulante-hilfen-gallo.de<\/p>\n","protected":false},"author":1,"featured_media":0,"parent":0,"menu_order":0,"comment_status":"closed","ping_status":"closed","template":"","meta":{"footnotes":""},"class_list":["post-7","page","type-page","status-publish","hentry"],"_links":{"self":[{"href":"https:\/\/ambulante-hilfen-gallo.de\/index.php?rest_route=\/wp\/v2\/pages\/7","targetHints":{"allow":["GET"]}}],"collection":[{"href":"https:\/\/ambulante-hilfen-gallo.de\/index.php?rest_route=\/wp\/v2\/pages"}],"about":[{"href":"https:\/\/ambulante-hilfen-gallo.de\/index.php?rest_route=\/wp\/v2\/types\/page"}],"author":[{"embeddable":true,"href":"https:\/\/ambulante-hilfen-gallo.de\/index.php?rest_route=\/wp\/v2\/users\/1"}],"replies":[{"embeddable":true,"href":"https:\/\/ambulante-hilfen-gallo.de\/index.php?rest_route=%2Fwp%2Fv2%2Fcomments&post=7"}],"version-history":[{"count":3,"href":"https:\/\/ambulante-hilfen-gallo.de\/index.php?rest_route=\/wp\/v2\/pages\/7\/revisions"}],"predecessor-version":[{"id":84,"href":"https:\/\/ambulante-hilfen-gallo.de\/index.php?rest_route=\/wp\/v2\/pages\/7\/revisions\/84"}],"wp:attachment":[{"href":"https:\/\/ambulante-hilfen-gallo.de\/index.php?rest_route=%2Fwp%2Fv2%2Fmedia&parent=7"}],"curies":[{"name":"wp","href":"https:\/\/api.w.org\/{rel}","templated":true}]}}