{"id":23,"date":"2020-06-07T10:14:05","date_gmt":"2020-06-07T10:14:05","guid":{"rendered":"http:\/\/ambulante-hilfen-gallo.de\/?page_id=23"},"modified":"2020-06-09T16:42:21","modified_gmt":"2020-06-09T16:42:21","slug":"die-mobile-holzwerkstatt-mhw","status":"publish","type":"page","link":"https:\/\/ambulante-hilfen-gallo.de\/?page_id=23","title":{"rendered":"Die mobile Holzwerkstatt (MHW)"},"content":{"rendered":"\n<p>Unsere arbeitsp\u00e4dagogischen Ma\u00dfnamen in der eigenen Holzwerkstatt werden durch unsere\u00a0&#8222;Mobile Holzwerkstatt&#8220;\u00a0abgerundet. Die MHW kann immer und \u00fcberall zum Einsatz kommen. Je nach Fall kann die MHW auch individuell auf den einzelnen abgestimmt und best\u00fcckt werden.<\/p>\n\n\n\n<p>Unsere\u00a0&#8222;Mobile Holzwerkstatt&#8220; besteht unter anderem aus:<\/p>\n\n\n\n<ul class=\"wp-block-list\"><li>Koffersystemen mit verschiedenen Werkzeugen<ul><li>Koffer \u201eS\u00e4ge\u201c (Laubs\u00e4gen, diverse Holzs\u00e4gen, Metalls\u00e4gen)<\/li><li>Koffer \u201eSchraube und Nagel\u201c (diverse Schraubendreher, Gabel- und Ringschl\u00fcssel, Ratschensysteme sowie verschiedene Hammer, Schutzbrillen, Geh\u00f6rschutz)<\/li><li>Koffer \u201eZange\u201c (verschiedene Zangen wie z.B. Seitenschneider, Rohrzangen, Spitzzangen, Flachzangen, Klemmen etc.)<\/li><li>Koffer \u201eFeile\u201c (verschiedene Holzfeilen und Raspeln, Schutzbrille)<\/li><li>Koffer \u201eWald\u201c (Axt, starke Holzs\u00e4ge, Gartenscheren, Taschenmesser, Seile und Gurte, N\u00e4gel und Schrauben, ein Hammer und einfache Schraubendreher, Klemmen, Schutzbrillen, Geh\u00f6rschutz)<\/li><\/ul><\/li><li>mobile Werkb\u00e4nke<\/li><li>Anh\u00e4nger (nach bedarf wie z.B. bei Aktionstagen mit mehreren Kindern)<\/li><li>Pickup<\/li><li>Notfalltasche mit den gesetzlichen Inhalt nach DIN13157 und vielem mehr aus dem Bereich der Notfallmedizin<\/li><li>ACHTUNG!\u00a0<br>Kettens\u00e4ge (Motors\u00e4genschein ist vorhanden), Heckenschere sowie Freischneider werden\u00a0<strong>in Anwesenheit von Kindern unter 14 Jahren von der beteiligten Fachkraft nicht genutzt!<\/strong>\u00a0Die hier benannten benzinbetriebenen Werkzeuge werden ausschlie\u00dflich von einer zertifizierten Fachkraft mit entsprechender Schutzausr\u00fcstung benutzt. Diese Werkzeuge werden nur genutzt, wenn das anstehende Projekt durch weniger invasive Ma\u00dfnamen nich durchf\u00fchrbar ist (z.B. Bau eines Baumhauses im Wald).<\/li><\/ul>\n\n\n\n<p>Es wird immer darauf geachtet, dass das verwendete Material und Werkzeug auch f\u00fcr Kinderh\u00e4nde geeignet ist. Somit haben wir z.B. Feilen und Raspeln, H\u00e4mmer und Schraubendreher in verschiedensten Gr\u00f6\u00dfen.<\/p>\n\n\n\n<p>Zudem wird das Werkzeug auch nur altersentsprechend und unter fachlicher Aufsicht eingesetzt.<\/p>\n","protected":false},"excerpt":{"rendered":"<p>Unsere arbeitsp\u00e4dagogischen Ma\u00dfnamen in der eigenen Holzwerkstatt werden durch unsere\u00a0&#8222;Mobile Holzwerkstatt&#8220;\u00a0abgerundet. Die MHW kann immer und \u00fcberall zum Einsatz kommen. Je nach Fall kann die MHW auch individuell auf den einzelnen abgestimmt und best\u00fcckt werden. Unsere\u00a0&#8222;Mobile Holzwerkstatt&#8220; besteht unter anderem aus: Koffersystemen mit verschiedenen Werkzeugen Koffer \u201eS\u00e4ge\u201c (Laubs\u00e4gen, diverse Holzs\u00e4gen, Metalls\u00e4gen) Koffer \u201eSchraube und Nagel\u201c &hellip; <\/p>\n<p class=\"link-more\"><a href=\"https:\/\/ambulante-hilfen-gallo.de\/?page_id=23\" class=\"more-link\"><span class=\"screen-reader-text\">\u201eDie mobile Holzwerkstatt (MHW)\u201c<\/span> weiterlesen<\/a><\/p>\n","protected":false},"author":1,"featured_media":0,"parent":0,"menu_order":0,"comment_status":"closed","ping_status":"closed","template":"","meta":{"footnotes":""},"class_list":["post-23","page","type-page","status-publish","hentry"],"_links":{"self":[{"href":"https:\/\/ambulante-hilfen-gallo.de\/index.php?rest_route=\/wp\/v2\/pages\/23","targetHints":{"allow":["GET"]}}],"collection":[{"href":"https:\/\/ambulante-hilfen-gallo.de\/index.php?rest_route=\/wp\/v2\/pages"}],"about":[{"href":"https:\/\/ambulante-hilfen-gallo.de\/index.php?rest_route=\/wp\/v2\/types\/page"}],"author":[{"embeddable":true,"href":"https:\/\/ambulante-hilfen-gallo.de\/index.php?rest_route=\/wp\/v2\/users\/1"}],"replies":[{"embeddable":true,"href":"https:\/\/ambulante-hilfen-gallo.de\/index.php?rest_route=%2Fwp%2Fv2%2Fcomments&post=23"}],"version-history":[{"count":6,"href":"https:\/\/ambulante-hilfen-gallo.de\/index.php?rest_route=\/wp\/v2\/pages\/23\/revisions"}],"predecessor-version":[{"id":51,"href":"https:\/\/ambulante-hilfen-gallo.de\/index.php?rest_route=\/wp\/v2\/pages\/23\/revisions\/51"}],"wp:attachment":[{"href":"https:\/\/ambulante-hilfen-gallo.de\/index.php?rest_route=%2Fwp%2Fv2%2Fmedia&parent=23"}],"curies":[{"name":"wp","href":"https:\/\/api.w.org\/{rel}","templated":true}]}}