{"id":17,"date":"2020-06-07T10:11:41","date_gmt":"2020-06-07T10:11:41","guid":{"rendered":"http:\/\/ambulante-hilfen-gallo.de\/?page_id=17"},"modified":"2021-01-14T08:25:57","modified_gmt":"2021-01-14T08:25:57","slug":"unser-arbeitsansatz","status":"publish","type":"page","link":"https:\/\/ambulante-hilfen-gallo.de\/?page_id=17","title":{"rendered":"Unser Arbeitsansatz"},"content":{"rendered":"\n<p>Unser Team arbeitet u.a. auf Grundlage von systematischen, arbeits-, erlebnis- und bewegungsp\u00e4dagogischen Ans\u00e4tzen. Diese sind immer l\u00f6sungsorientiert und zielgerichtet auf die einzelnen Hilfen und den Klienten angepasst.<\/p>\n\n\n\n<p>F\u00fcr die Arbeit mit arbeitsp\u00e4dagogischen Methoden steht eine Holzwerkstatt sowie ein Waldst\u00fcck und verschiedene Wiesenfl\u00e4chen in der Region zur Verf\u00fcgung.<\/p>\n\n\n\n<p>Durch klare Strukturen und Arbeitsabl\u00e4ufe lernen die Kinder und Jugendlichen schnell routiniertes, diszipliniertes und konzentriertes Arbeiten sowie ein respektvolles Miteinander.<\/p>\n\n\n\n<p>Des Weiteren orientieren sich die Ma\u00dfnahmen an den Ressourcen der Familie, Kinder, Jugendlichen und jungen Vollj\u00e4hrigen.<\/p>\n\n\n\n<p>Jedes&nbsp;Familiensystem verfolgt Zwecke und Ziele und versucht seine Stabilit\u00e4t entsprechend im Gleichgewicht zu halten.&nbsp;Daher betrachten wir die einzelnen Systeme immer als Individuen und erarbeiten zusammen mit den Beteiligten die passenden Hilfeangebote.&nbsp;<\/p>\n","protected":false},"excerpt":{"rendered":"<p>Unser Team arbeitet u.a. auf Grundlage von systematischen, arbeits-, erlebnis- und bewegungsp\u00e4dagogischen Ans\u00e4tzen. Diese sind immer l\u00f6sungsorientiert und zielgerichtet auf die einzelnen Hilfen und den Klienten angepasst. F\u00fcr die Arbeit mit arbeitsp\u00e4dagogischen Methoden steht eine Holzwerkstatt sowie ein Waldst\u00fcck und verschiedene Wiesenfl\u00e4chen in der Region zur Verf\u00fcgung. Durch klare Strukturen und Arbeitsabl\u00e4ufe lernen die Kinder &hellip; <\/p>\n<p class=\"link-more\"><a href=\"https:\/\/ambulante-hilfen-gallo.de\/?page_id=17\" class=\"more-link\"><span class=\"screen-reader-text\">\u201eUnser Arbeitsansatz\u201c<\/span> weiterlesen<\/a><\/p>\n","protected":false},"author":1,"featured_media":0,"parent":0,"menu_order":0,"comment_status":"closed","ping_status":"closed","template":"","meta":{"footnotes":""},"class_list":["post-17","page","type-page","status-publish","hentry"],"_links":{"self":[{"href":"https:\/\/ambulante-hilfen-gallo.de\/index.php?rest_route=\/wp\/v2\/pages\/17","targetHints":{"allow":["GET"]}}],"collection":[{"href":"https:\/\/ambulante-hilfen-gallo.de\/index.php?rest_route=\/wp\/v2\/pages"}],"about":[{"href":"https:\/\/ambulante-hilfen-gallo.de\/index.php?rest_route=\/wp\/v2\/types\/page"}],"author":[{"embeddable":true,"href":"https:\/\/ambulante-hilfen-gallo.de\/index.php?rest_route=\/wp\/v2\/users\/1"}],"replies":[{"embeddable":true,"href":"https:\/\/ambulante-hilfen-gallo.de\/index.php?rest_route=%2Fwp%2Fv2%2Fcomments&post=17"}],"version-history":[{"count":6,"href":"https:\/\/ambulante-hilfen-gallo.de\/index.php?rest_route=\/wp\/v2\/pages\/17\/revisions"}],"predecessor-version":[{"id":67,"href":"https:\/\/ambulante-hilfen-gallo.de\/index.php?rest_route=\/wp\/v2\/pages\/17\/revisions\/67"}],"wp:attachment":[{"href":"https:\/\/ambulante-hilfen-gallo.de\/index.php?rest_route=%2Fwp%2Fv2%2Fmedia&parent=17"}],"curies":[{"name":"wp","href":"https:\/\/api.w.org\/{rel}","templated":true}]}}