{"id":11,"date":"2020-06-07T09:46:57","date_gmt":"2020-06-07T09:46:57","guid":{"rendered":"http:\/\/ambulante-hilfen-gallo.de\/?page_id=11"},"modified":"2024-08-03T07:36:56","modified_gmt":"2024-08-03T07:36:56","slug":"datenschutz","status":"publish","type":"page","link":"https:\/\/ambulante-hilfen-gallo.de\/?page_id=11","title":{"rendered":"Datenschutz"},"content":{"rendered":"\n<p><strong>Datenschutzerkl\u00e4rung<\/strong><\/p>\n\n\n\n<p>Verantwortlicher im Sinne der Datenschutzgesetze, insbesondere der EU-Datenschutzgrundverordnung (DSGVO), ist:&nbsp;<\/p>\n\n\n\n<p>Ambulante Kinder- und Jugendhilfe Gallo GmbH<\/p>\n\n\n\n<p>Am Weiher 1<\/p>\n\n\n\n<p>67366 Weingarten<\/p>\n\n\n\n<p>Datenschutzbeauftragter:<\/p>\n\n\n\n<p>Dr. Matthias Backes&nbsp;<\/p>\n\n\n\n<p>E-mail: datenschutz@ambulante-hilfen-gallo.de&nbsp;<\/p>\n\n\n\n<p><\/p>\n\n\n\n<p><strong>Ihre Betroffenenrechte<\/strong><\/p>\n\n\n\n<p>Unter den angegebenen Kontaktdaten k\u00f6nnen Sie jederzeit folgende Rechte aus\u00fcben:&nbsp;<\/p>\n\n\n\n<ul class=\"wp-block-list\"><li>Auskunft \u00fcber Ihre bei uns gespeicherten Daten und deren Verarbeitung (Art. 15 DSGVO),&nbsp;<\/li><li>Berichtigung unrichtiger personenbezogener Daten (Art. 16 DSGVO),&nbsp;<\/li><li>L\u00f6schung Ihrer bei uns gespeicherten Daten (Art. 17 DSGVO),&nbsp;<\/li><li>Einschr\u00e4nkung der Datenverarbeitung, sofern wir Ihre Daten aufgrund gesetzlicher Pflichten noch nicht l\u00f6schen d\u00fcrfen (Art. 18 DSGVO),&nbsp;<\/li><li>Widerspruch gegen die Verarbeitung Ihrer Daten bei uns (Art. 21 DSGVO) und&nbsp;<\/li><li>Daten\u00fcbertragbarkeit, sofern Sie in die Datenverarbeitung eingewilligt haben oder einen Vertrag mit uns abgeschlossen haben (Art. 20 DSGVO).&nbsp;<\/li><\/ul>\n\n\n\n<p>Sofern Sie uns eine Einwilligung erteilt haben, k\u00f6nnen Sie diese jederzeit mit Wirkung f\u00fcr die Zukunft widerrufen.&nbsp;<\/p>\n\n\n\n<p>Sie k\u00f6nnen sich jederzeit mit einer Beschwerde an eine Aufsichtsbeh\u00f6rde wenden, z. B. an die zust\u00e4ndige Aufsichtsbeh\u00f6rde des Bundeslands Ihres Wohnsitzes oder an die f\u00fcr uns als verantwortliche Stelle zust\u00e4ndige Beh\u00f6rde. In Rheinland-Pfalz ist dies:&nbsp;<\/p>\n\n\n\n<p>Der Landesbeauftragte f\u00fcr den Datenschutz und die Informationsfreiheit Rheinland-Pfalz&nbsp;<\/p>\n\n\n\n<p>Postfach 30 40&nbsp;<\/p>\n\n\n\n<p>55020 Mainz&nbsp;<\/p>\n\n\n\n<p>Information \u00fcber Ihr Widerspruchsrecht nach Art. 21 DSGVO&nbsp;<\/p>\n\n\n\n<p>Einzelfallbezogenes Widerspruchsrecht&nbsp;<\/p>\n\n\n\n<p>Sie haben das Recht,jederzeit gegen die Verarbeitung Sie betreffender personenbezogener Daten, die aufgrund Art. 6 Abs. 1 lit. f DSGVO (Datenverarbeitung auf der Grundlage einer Interessenabw\u00e4gung) erfolgt, Widerspruch einzulegen oder Ihre Einwilligung zu widerrufen.<\/p>\n\n\n\n<p>Legen Sie Widerspruch oder Widerruf ein, werden wir Ihre personenbezogenen Daten nicht mehr verarbeiten bzw. l\u00f6schen, es sei denn, wir k\u00f6nnen zwingende schutzw\u00fcrdige Gr\u00fcnde f\u00fcr die Verarbeitung nachweisen, die Ihre Interessen, Rechte und Freiheiten \u00fcberwiegen, oder die Verarbeitung dient der Geltendmachung, Aus\u00fcbung oder Verteidigung von Rechtsanspr\u00fcchen.&nbsp;<\/p>\n\n\n\n<p>Nat\u00fcrlich stehen Ihnen Ihre o.a. Rechte (Auskunftrecht, L\u00f6schrecht etc.) weiterhin zu.&nbsp;<\/p>\n\n\n\n<p>Empf\u00e4nger eines Widerspruchs und zur Wahrnehmung der Betroffenenrechte&nbsp;<\/p>\n\n\n\n<p>Ambulante Kinder- und Jugendhilfe Gallo GmbH<\/p>\n\n\n\n<p>Am Weiher 1<\/p>\n\n\n\n<p>67366 Weingarten<\/p>\n\n\n\n<p>E-mail: datenschutz@ambulante-hilfen-gallo.de&nbsp;<\/p>\n\n\n\n<p>Sie k\u00f6nnen den Widerspruch formlos einlegen und daf\u00fcr z.B. die E-Mail Adresse nutzen.&nbsp;<\/p>\n\n\n\n<p><\/p>\n\n\n\n<p><strong>1. Erfassung allgemeiner Informationen beim Besuch unserer Website<\/strong><\/p>\n\n\n\n<p><strong>Art und Zweck der Verarbeitung:<\/strong><\/p>\n\n\n\n<p>Wenn Sie auf unsere Website zugreifen, werden automatisch Informationen allgemeiner Natur erfasst. Diese Informationen (Server-Logfiles) beinhalten etwa die Art des Webbrowsers, das verwendete Betriebssystem, Ihre IP-Adresse und \u00e4hnliches.&nbsp;<\/p>\n\n\n\n<p>Sie werden insbesondere zu folgenden Zwecken verarbeitet:&nbsp;<\/p>\n\n\n\n<ul class=\"wp-block-list\"><li>Sicherstellung eines problemlosen Verbindungsaufbaus der Website,&nbsp;<\/li><li>Sicherstellung einer reibungslosen Nutzung unserer Website,&nbsp;<\/li><li>Auswertung der Systemsicherheit und -stabilit\u00e4t&nbsp;<\/li><li>Optimierung unserer Website.&nbsp;<\/li><\/ul>\n\n\n\n<p>Wir verwenden Ihre Daten nicht, um R\u00fcckschl\u00fcsse auf Ihre Person zu ziehen. Informationen dieser Art werden von uns ggfs. anonymisiert statistisch ausgewertet, um unseren Internetauftritt und die dahinterstehende Technik zu optimieren.&nbsp;<\/p>\n\n\n\n<p><\/p>\n\n\n\n<p><strong>Rechtsgrundlage und berechtigtes Interesse:<\/strong><\/p>\n\n\n\n<p>Die Verarbeitung erfolgt gem\u00e4\u00df Art. 6 Abs. 1 lit. f DSGVO auf Basis unseres berechtigten Interesses an der Verbesserung der Stabilit\u00e4t und Funktionalit\u00e4t unserer Website.&nbsp;<\/p>\n\n\n\n<p><\/p>\n\n\n\n<p><strong>Empf\u00e4nger<\/strong>:<\/p>\n\n\n\n<p>Empf\u00e4nger der Daten sind technische Dienstleister, die f\u00fcr den Betrieb und die Wartung unserer Webseite in unserem Auftrag als Auftragsverarbeiter t\u00e4tig werden. Eine \u00dcbertragung in Drittl\u00e4nder, d.h. au\u00dferhalb der EU erfolgt nicht.&nbsp;<\/p>\n\n\n\n<p>Speicherdauer, -ort:&nbsp;<\/p>\n\n\n\n<p>Die Daten werden gel\u00f6scht, sobald diese f\u00fcr den Zweck der Erhebung nicht mehr erforderlich sind. Dies ist f\u00fcr die Daten, die der Bereitstellung der Website dienen, grunds\u00e4tzlich der Fall, wenn die jeweilige Sitzung beendet ist.&nbsp;<\/p>\n\n\n\n<p>Im Falle der Speicherung der Daten in Logfiles ist dies nach sp\u00e4testens 14 Tagen der Fall. Eine dar\u00fcberhinausgehende Speicherung ist m\u00f6glich. In diesem Fall werden die IP-Adressen der Nutzer anonymisiert, sodass eine Zuordnung des aufrufenden Clients nicht mehr m\u00f6glich ist.&nbsp;<\/p>\n\n\n\n<p>Die Datenspeicherung erfolgt auf Servern innerhalb der EU.&nbsp;<\/p>\n\n\n\n<p><\/p>\n\n\n\n<p><strong>Bereitstellung vorgeschrieben oder erforderlich:<\/strong><\/p>\n\n\n\n<p>Die Bereitstellung der vorgenannten personenbezogenen Daten ist weder gesetzlich noch vertraglich vorgeschrieben. Ohne die IP-Adresse ist jedoch der Dienst und die Funktionsf\u00e4higkeit unserer Website nicht gew\u00e4hrleistet. Zudem k\u00f6nnen einzelne Dienste und Services nicht verf\u00fcgbar oder eingeschr\u00e4nkt sein.&nbsp;<\/p>\n\n\n\n<p><\/p>\n\n\n\n<p><strong>2. Kontakt \u00fcber E-Mail<\/strong><\/p>\n\n\n\n<p>Art und Zweck der Verarbeitung:&nbsp;<\/p>\n\n\n\n<p>Die von Ihnen eingegebenen Daten werden zum Zweck der individuellen Kommunikation mit Ihnen gespeichert. Hierf\u00fcr ist die Angabe einer validen E-Mail-Adresse sowie Ihres Namens erforderlich. Diese dient der Zuordnung der Anfrage und der anschlie\u00dfenden Beantwortung derselben. Die Angabe weiterer Daten ist optional.&nbsp;<\/p>\n\n\n\n<p><\/p>\n\n\n\n<p><strong>Rechtsgrundlage:<\/strong><\/p>\n\n\n\n<p>Sofern Sie mit uns Kontakt aufnehmen, um ein Angebot zu erfragen oder Informationen zu erhalten, erfolgt die Verarbeitung der eingegebenen Daten zur Durchf\u00fchrung vorvertraglicher Ma\u00dfnahmen oder zum Zweck der Vertragserf\u00fcllung (Art. 6 Abs. 1 lit. b DSGVO). Hiervon umfasst sind insbesondere Kontaktdaten (Name, Anschrift, E-Mail-Adresse, ggf. Telefon-\/Mobilfunknummer)&nbsp;<\/p>\n\n\n\n<p><\/p>\n\n\n\n<p><strong>Empf\u00e4nger:<\/strong><\/p>\n\n\n\n<p>Empf\u00e4nger der Daten sind o.g. Verantwortliche. Die Daten werden nicht an Dritte weitergegeben sofern dies nicht rechtlich zwingend vorgeschrieben ist.&nbsp;<\/p>\n\n\n\n<p><\/p>\n\n\n\n<p><strong>Speicherdauer und -ort:<\/strong><\/p>\n\n\n\n<p>Daten werden sp\u00e4testens 6 Monate nach Bearbeitung der Anfrage gel\u00f6scht.&nbsp;<\/p>\n\n\n\n<p>Sofern es zu einem Vertragsverh\u00e4ltnis kommt, unterliegen wir den gesetzlichen Aufbewahrungsfristen nach HGB und l\u00f6schen Ihre Daten nach Ablauf dieser Fristen.&nbsp;<\/p>\n\n\n\n<p>Die Datenspeicherung erfolgt innerhalb der EU.&nbsp;<\/p>\n\n\n\n<p>Bereitstellung vorgeschrieben oder erforderlich:&nbsp;<\/p>\n\n\n\n<p>Die Bereitstellung Ihrer personenbezogenen Daten erfolgt freiwillig. Wir k\u00f6nnen Ihre Anfrage jedoch nur bearbeiten, sofern Sie uns Ihren Namen, Ihre E-Mail-Adresse und den Grund der Anfrage mitteilen.&nbsp;<\/p>\n\n\n\n<p><\/p>\n\n\n\n<p><strong>3.&nbsp;Google&nbsp;Web Fonts<\/strong><\/p>\n\n\n\n<p>Art und Zweck der Verarbeitung:&nbsp;<\/p>\n\n\n\n<p>Diese Seite nutzt zur einheitlichen Darstellung von Schriftarten sogenannte Web Fonts die von der Google Ireland Limited, Gordon House, 4 Barrow St, Dublin, D04 E5W5, Irland (\u201eGoogle\u201c) bereitgestellt werden. Beim Aufruf einer Seite l\u00e4dt Ihr Browser die ben\u00f6tigten Web Fonts in ihren Browser-Cache, um Texte und Schriftarten korrekt anzuzeigen.<\/p>\n\n\n\n<p>Zu diesem Zweck muss der von Ihnen verwendete Browser Verbindung zu den Servern von Google aufnehmen. Auf diese Weise erlangt Google Kenntnis dar\u00fcber, dass \u00fcber Ihre IP-Adresse unsere Website aufgerufen wurde. Hierbei kann es auch zu einer \u00dcbermittlung von personenbezogenen Daten (Browserinformationen, IP Adresse) an die Server der Google LLC. in den USA kommen.&nbsp;<\/p>\n\n\n\n<p><\/p>\n\n\n\n<p><strong>Rechtsgrundlage:<\/strong><\/p>\n\n\n\n<p>Die Verarbeitung erfolgt gem\u00e4\u00df Art. 6 Abs. 1 lit. f DSGVO auf Basis unseres berechtigten Interesses an einer einheitlichen und ansprechenden Darstellung unserer Website.&nbsp;<\/p>\n\n\n\n<p>Sie k\u00f6nnen Sie in Abh\u00e4ngigkeit des verwendeten Browsers, ggf. mit add-ons die Verwendung von Web Fonts unterbinden. Wenn Ihr Browser Web Fonts nicht unterst\u00fctzt, wird eine Standardschrift Ihres Computers genutzt.<\/p>\n\n\n\n<p>Weitere Informationen zu Google Web Fonts finden Sie unter https:\/\/developers.google.com\/fonts\/faq und in der Datenschutzerkl\u00e4rung von Google: https:\/\/www.google.com\/policies\/privacy\/<\/p>\n\n\n\n<p><\/p>\n\n\n\n<p><strong>4. \u00c4nderung unserer Datenschutzbestimmungen<\/strong><\/p>\n\n\n\n<p>Wir behalten uns vor, diese Datenschutzerkl\u00e4rung anzupassen, damit sie stets den aktuellen rechtlichen Anforderungen entspricht oder um \u00c4nderungen unserer Leistungen in der Datenschutzerkl\u00e4rung umzusetzen, z.B. bei der Einf\u00fchrung neuer Services. F\u00fcr Ihren erneuten Besuch gilt dann die neue Datenschutzerkl\u00e4rung.&nbsp;<\/p>\n\n\n\n<p>Wenn Sie Fragen zu unserem Datenschutz haben, schreiben Sie uns bitte eine E-Mail oder wenden Sie sich direkt an unseren Datenschutzbeauftragten .<\/p>\n","protected":false},"excerpt":{"rendered":"<p>Datenschutzerkl\u00e4rung Verantwortlicher im Sinne der Datenschutzgesetze, insbesondere der EU-Datenschutzgrundverordnung (DSGVO), ist:&nbsp; Ambulante Kinder- und Jugendhilfe Gallo GmbH Am Weiher 1 67366 Weingarten Datenschutzbeauftragter: Dr. Matthias Backes&nbsp; E-mail: datenschutz@ambulante-hilfen-gallo.de&nbsp; Ihre Betroffenenrechte Unter den angegebenen Kontaktdaten k\u00f6nnen Sie jederzeit folgende Rechte aus\u00fcben:&nbsp; Auskunft \u00fcber Ihre bei uns gespeicherten Daten und deren Verarbeitung (Art. 15 DSGVO),&nbsp; Berichtigung unrichtiger &hellip; <\/p>\n<p class=\"link-more\"><a href=\"https:\/\/ambulante-hilfen-gallo.de\/?page_id=11\" class=\"more-link\"><span class=\"screen-reader-text\">\u201eDatenschutz\u201c<\/span> weiterlesen<\/a><\/p>\n","protected":false},"author":1,"featured_media":0,"parent":0,"menu_order":0,"comment_status":"closed","ping_status":"closed","template":"","meta":{"footnotes":""},"class_list":["post-11","page","type-page","status-publish","hentry"],"_links":{"self":[{"href":"https:\/\/ambulante-hilfen-gallo.de\/index.php?rest_route=\/wp\/v2\/pages\/11","targetHints":{"allow":["GET"]}}],"collection":[{"href":"https:\/\/ambulante-hilfen-gallo.de\/index.php?rest_route=\/wp\/v2\/pages"}],"about":[{"href":"https:\/\/ambulante-hilfen-gallo.de\/index.php?rest_route=\/wp\/v2\/types\/page"}],"author":[{"embeddable":true,"href":"https:\/\/ambulante-hilfen-gallo.de\/index.php?rest_route=\/wp\/v2\/users\/1"}],"replies":[{"embeddable":true,"href":"https:\/\/ambulante-hilfen-gallo.de\/index.php?rest_route=%2Fwp%2Fv2%2Fcomments&post=11"}],"version-history":[{"count":6,"href":"https:\/\/ambulante-hilfen-gallo.de\/index.php?rest_route=\/wp\/v2\/pages\/11\/revisions"}],"predecessor-version":[{"id":82,"href":"https:\/\/ambulante-hilfen-gallo.de\/index.php?rest_route=\/wp\/v2\/pages\/11\/revisions\/82"}],"wp:attachment":[{"href":"https:\/\/ambulante-hilfen-gallo.de\/index.php?rest_route=%2Fwp%2Fv2%2Fmedia&parent=11"}],"curies":[{"name":"wp","href":"https:\/\/api.w.org\/{rel}","templated":true}]}}